{"id":98,"date":"2015-10-27T16:12:20","date_gmt":"2015-10-27T15:12:20","guid":{"rendered":"https:\/\/www.theamalficoastweddingplanner.com\/?page_id=98&#038;lang=de"},"modified":"2015-12-14T12:50:20","modified_gmt":"2015-12-14T11:50:20","slug":"uber-mich","status":"publish","type":"page","link":"https:\/\/www.theamalficoastweddingplanner.com\/de\/uber-mich\/","title":{"rendered":"\u00dcber mich"},"content":{"rendered":"<p><a href=\"https:\/\/www.theamalficoastweddingplanner.com\/wp-content\/uploads\/2015\/10\/about_me_test.jpg\" data-rel=\"prettyPhoto[98]\"><img loading=\"lazy\" decoding=\"async\" class=\"alignnone size-post-thumbnail wp-image-49\" src=\"https:\/\/www.theamalficoastweddingplanner.com\/wp-content\/uploads\/2015\/10\/about_me_test-750x430.jpg\" alt=\"about_me_test\" width=\"750\" height=\"430\" \/><\/a><\/p>\n<p>Ciao!<\/p>\n<p>Mein Name ist Raffaele aber jeder nennt mich (Mister Raf) Herr Raf. Ich bin ein Eingeborener der Amalfi-K\u00fcste, und ich bin wirklich stolz darauf, aus dieser Ecke des Paradieses zu sein. Ich arbeite im Tourismus seit 1994 wie alle die Mitarbeiter in Ma.Ra. Touring Point, als autorisierten F\u00fchrer und auch als Koordinator f\u00fcr Hochzeiten, Jubil\u00e4en, Taufen, danke meiner Begeisterung und meinem Wissen \u00fcber die Amalfi-K\u00fcste Gegend. <\/p>\n<p>Falls du dich entschlie\u00dft, mich zu w\u00e4hlen, du wirst nicht entt\u00e4uscht sein, ich werde alles tun, dich gl\u00fccklich zu machen und auch deine Hochzeit oder Veranstaltung wird immer in Erinnerung als ein fantastischer Tag bleiben. Die wichtigsten Dienstleistungen die ich anbiete sind: Hochzeiteinladung erstellen, alle die B\u00fcrokratie erledigen, Dolmetscher f\u00fcr die symbolische Zeremonien, die Event-Koordinator f\u00fcr die Blumen, die Musik und nat\u00fcrlich auch Hotelunterkunft f\u00fcr Ihre G\u00e4ste, dann der Fotograph, Feuerwerk und so weiter und so fort. <\/p>\n<p>&#8230; Nun &#8230; alles, was Sie im Sinn haben f\u00fcr den sch\u00f6nsten Tag Ihres Lebens Sie es mit mir erreichen k\u00f6nnen. Hinweis: keine Geb\u00fchren \u00fcber die Leistungen der verschiedenen Service. <\/p>\n","protected":false},"excerpt":{"rendered":"<p>Ciao! Mein Name ist Raffaele aber jeder nennt mich (Mister Raf) Herr Raf. Ich bin ein Eingeborener der Amalfi-K\u00fcste, und ich bin wirklich stolz darauf, aus dieser Ecke des Paradieses zu sein. Ich arbeite im Tourismus seit 1994 wie alle die Mitarbeiter in Ma.Ra. Touring Point, als autorisierten F\u00fchrer und[&#8230;]<\/p>\n","protected":false},"author":1,"featured_media":112,"parent":0,"menu_order":0,"comment_status":"closed","ping_status":"closed","template":"","meta":{"footnotes":""},"class_list":["post-98","page","type-page","status-publish","has-post-thumbnail","hentry"],"yoast_head":"<!-- This site is optimized with the Yoast SEO plugin v27.4 - https:\/\/yoast.com\/product\/yoast-seo-wordpress\/ -->\n<title>\u00dcber mich - Amalfi Wedding Planner<\/title>\n<meta name=\"robots\" content=\"index, follow, max-snippet:-1, max-image-preview:large, max-video-preview:-1\" \/>\n<link rel=\"canonical\" href=\"https:\/\/www.theamalficoastweddingplanner.com\/de\/uber-mich\/\" \/>\n<meta property=\"og:locale\" content=\"de_DE\" \/>\n<meta property=\"og:type\" content=\"article\" \/>\n<meta property=\"og:title\" content=\"\u00dcber mich - Amalfi Wedding Planner\" \/>\n<meta property=\"og:description\" content=\"Ciao! Mein Name ist Raffaele aber jeder nennt mich (Mister Raf) Herr Raf. Ich bin ein Eingeborener der Amalfi-K\u00fcste, und ich bin wirklich stolz darauf, aus dieser Ecke des Paradieses zu sein. Ich arbeite im Tourismus seit 1994 wie alle die Mitarbeiter in Ma.Ra. Touring Point, als autorisierten F\u00fchrer und[...]\" \/>\n<meta property=\"og:url\" content=\"https:\/\/www.theamalficoastweddingplanner.com\/de\/uber-mich\/\" \/>\n<meta property=\"og:site_name\" content=\"Amalfi Wedding Planner\" \/>\n<meta property=\"article:modified_time\" content=\"2015-12-14T11:50:20+00:00\" \/>\n<meta property=\"og:image\" content=\"https:\/\/www.theamalficoastweddingplanner.com\/wp-content\/uploads\/2015\/10\/mr-raf_2.png\" \/>\n\t<meta property=\"og:image:width\" content=\"555\" \/>\n\t<meta property=\"og:image:height\" content=\"380\" \/>\n\t<meta property=\"og:image:type\" content=\"image\/png\" \/>\n<meta name=\"twitter:card\" content=\"summary_large_image\" \/>\n<meta name=\"twitter:label1\" content=\"Gesch\u00e4tzte Lesezeit\" \/>\n\t<meta name=\"twitter:data1\" content=\"1\u00a0Minute\" \/>\n<script type=\"application\/ld+json\" class=\"yoast-schema-graph\">{\"@context\":\"https:\\\/\\\/schema.org\",\"@graph\":[{\"@type\":\"WebPage\",\"@id\":\"https:\\\/\\\/www.theamalficoastweddingplanner.com\\\/de\\\/uber-mich\\\/\",\"url\":\"https:\\\/\\\/www.theamalficoastweddingplanner.com\\\/de\\\/uber-mich\\\/\",\"name\":\"\u00dcber mich - Amalfi Wedding Planner\",\"isPartOf\":{\"@id\":\"https:\\\/\\\/www.theamalficoastweddingplanner.com\\\/de\\\/#website\"},\"primaryImageOfPage\":{\"@id\":\"https:\\\/\\\/www.theamalficoastweddingplanner.com\\\/de\\\/uber-mich\\\/#primaryimage\"},\"image\":{\"@id\":\"https:\\\/\\\/www.theamalficoastweddingplanner.com\\\/de\\\/uber-mich\\\/#primaryimage\"},\"thumbnailUrl\":\"https:\\\/\\\/www.theamalficoastweddingplanner.com\\\/wp-content\\\/uploads\\\/2015\\\/10\\\/mr-raf_2.png\",\"datePublished\":\"2015-10-27T15:12:20+00:00\",\"dateModified\":\"2015-12-14T11:50:20+00:00\",\"breadcrumb\":{\"@id\":\"https:\\\/\\\/www.theamalficoastweddingplanner.com\\\/de\\\/uber-mich\\\/#breadcrumb\"},\"inLanguage\":\"de\",\"potentialAction\":[{\"@type\":\"ReadAction\",\"target\":[\"https:\\\/\\\/www.theamalficoastweddingplanner.com\\\/de\\\/uber-mich\\\/\"]}]},{\"@type\":\"ImageObject\",\"inLanguage\":\"de\",\"@id\":\"https:\\\/\\\/www.theamalficoastweddingplanner.com\\\/de\\\/uber-mich\\\/#primaryimage\",\"url\":\"https:\\\/\\\/www.theamalficoastweddingplanner.com\\\/wp-content\\\/uploads\\\/2015\\\/10\\\/mr-raf_2.png\",\"contentUrl\":\"https:\\\/\\\/www.theamalficoastweddingplanner.com\\\/wp-content\\\/uploads\\\/2015\\\/10\\\/mr-raf_2.png\",\"width\":555,\"height\":380},{\"@type\":\"BreadcrumbList\",\"@id\":\"https:\\\/\\\/www.theamalficoastweddingplanner.com\\\/de\\\/uber-mich\\\/#breadcrumb\",\"itemListElement\":[{\"@type\":\"ListItem\",\"position\":1,\"name\":\"Home\",\"item\":\"https:\\\/\\\/www.theamalficoastweddingplanner.com\\\/de\\\/?lang=de\"},{\"@type\":\"ListItem\",\"position\":2,\"name\":\"\u00dcber mich\"}]},{\"@type\":\"WebSite\",\"@id\":\"https:\\\/\\\/www.theamalficoastweddingplanner.com\\\/de\\\/#website\",\"url\":\"https:\\\/\\\/www.theamalficoastweddingplanner.com\\\/de\\\/\",\"name\":\"Amalfi Wedding Planner\",\"description\":\"Your Wedding Planner in Amalfi\",\"potentialAction\":[{\"@type\":\"SearchAction\",\"target\":{\"@type\":\"EntryPoint\",\"urlTemplate\":\"https:\\\/\\\/www.theamalficoastweddingplanner.com\\\/de\\\/?s={search_term_string}\"},\"query-input\":{\"@type\":\"PropertyValueSpecification\",\"valueRequired\":true,\"valueName\":\"search_term_string\"}}],\"inLanguage\":\"de\"}]}<\/script>\n<!-- \/ Yoast SEO plugin. -->","yoast_head_json":{"title":"\u00dcber mich - Amalfi Wedding Planner","robots":{"index":"index","follow":"follow","max-snippet":"max-snippet:-1","max-image-preview":"max-image-preview:large","max-video-preview":"max-video-preview:-1"},"canonical":"https:\/\/www.theamalficoastweddingplanner.com\/de\/uber-mich\/","og_locale":"de_DE","og_type":"article","og_title":"\u00dcber mich - Amalfi Wedding Planner","og_description":"Ciao! Mein Name ist Raffaele aber jeder nennt mich (Mister Raf) Herr Raf. Ich bin ein Eingeborener der Amalfi-K\u00fcste, und ich bin wirklich stolz darauf, aus dieser Ecke des Paradieses zu sein. Ich arbeite im Tourismus seit 1994 wie alle die Mitarbeiter in Ma.Ra. Touring Point, als autorisierten F\u00fchrer und[...]","og_url":"https:\/\/www.theamalficoastweddingplanner.com\/de\/uber-mich\/","og_site_name":"Amalfi Wedding Planner","article_modified_time":"2015-12-14T11:50:20+00:00","og_image":[{"width":555,"height":380,"url":"https:\/\/www.theamalficoastweddingplanner.com\/wp-content\/uploads\/2015\/10\/mr-raf_2.png","type":"image\/png"}],"twitter_card":"summary_large_image","twitter_misc":{"Gesch\u00e4tzte Lesezeit":"1\u00a0Minute"},"schema":{"@context":"https:\/\/schema.org","@graph":[{"@type":"WebPage","@id":"https:\/\/www.theamalficoastweddingplanner.com\/de\/uber-mich\/","url":"https:\/\/www.theamalficoastweddingplanner.com\/de\/uber-mich\/","name":"\u00dcber mich - Amalfi Wedding Planner","isPartOf":{"@id":"https:\/\/www.theamalficoastweddingplanner.com\/de\/#website"},"primaryImageOfPage":{"@id":"https:\/\/www.theamalficoastweddingplanner.com\/de\/uber-mich\/#primaryimage"},"image":{"@id":"https:\/\/www.theamalficoastweddingplanner.com\/de\/uber-mich\/#primaryimage"},"thumbnailUrl":"https:\/\/www.theamalficoastweddingplanner.com\/wp-content\/uploads\/2015\/10\/mr-raf_2.png","datePublished":"2015-10-27T15:12:20+00:00","dateModified":"2015-12-14T11:50:20+00:00","breadcrumb":{"@id":"https:\/\/www.theamalficoastweddingplanner.com\/de\/uber-mich\/#breadcrumb"},"inLanguage":"de","potentialAction":[{"@type":"ReadAction","target":["https:\/\/www.theamalficoastweddingplanner.com\/de\/uber-mich\/"]}]},{"@type":"ImageObject","inLanguage":"de","@id":"https:\/\/www.theamalficoastweddingplanner.com\/de\/uber-mich\/#primaryimage","url":"https:\/\/www.theamalficoastweddingplanner.com\/wp-content\/uploads\/2015\/10\/mr-raf_2.png","contentUrl":"https:\/\/www.theamalficoastweddingplanner.com\/wp-content\/uploads\/2015\/10\/mr-raf_2.png","width":555,"height":380},{"@type":"BreadcrumbList","@id":"https:\/\/www.theamalficoastweddingplanner.com\/de\/uber-mich\/#breadcrumb","itemListElement":[{"@type":"ListItem","position":1,"name":"Home","item":"https:\/\/www.theamalficoastweddingplanner.com\/de\/?lang=de"},{"@type":"ListItem","position":2,"name":"\u00dcber mich"}]},{"@type":"WebSite","@id":"https:\/\/www.theamalficoastweddingplanner.com\/de\/#website","url":"https:\/\/www.theamalficoastweddingplanner.com\/de\/","name":"Amalfi Wedding Planner","description":"Your Wedding Planner in Amalfi","potentialAction":[{"@type":"SearchAction","target":{"@type":"EntryPoint","urlTemplate":"https:\/\/www.theamalficoastweddingplanner.com\/de\/?s={search_term_string}"},"query-input":{"@type":"PropertyValueSpecification","valueRequired":true,"valueName":"search_term_string"}}],"inLanguage":"de"}]}},"_links":{"self":[{"href":"https:\/\/www.theamalficoastweddingplanner.com\/de\/wp-json\/wp\/v2\/pages\/98","targetHints":{"allow":["GET"]}}],"collection":[{"href":"https:\/\/www.theamalficoastweddingplanner.com\/de\/wp-json\/wp\/v2\/pages"}],"about":[{"href":"https:\/\/www.theamalficoastweddingplanner.com\/de\/wp-json\/wp\/v2\/types\/page"}],"author":[{"embeddable":true,"href":"https:\/\/www.theamalficoastweddingplanner.com\/de\/wp-json\/wp\/v2\/users\/1"}],"replies":[{"embeddable":true,"href":"https:\/\/www.theamalficoastweddingplanner.com\/de\/wp-json\/wp\/v2\/comments?post=98"}],"version-history":[{"count":3,"href":"https:\/\/www.theamalficoastweddingplanner.com\/de\/wp-json\/wp\/v2\/pages\/98\/revisions"}],"predecessor-version":[{"id":410,"href":"https:\/\/www.theamalficoastweddingplanner.com\/de\/wp-json\/wp\/v2\/pages\/98\/revisions\/410"}],"wp:featuredmedia":[{"embeddable":true,"href":"https:\/\/www.theamalficoastweddingplanner.com\/de\/wp-json\/wp\/v2\/media\/112"}],"wp:attachment":[{"href":"https:\/\/www.theamalficoastweddingplanner.com\/de\/wp-json\/wp\/v2\/media?parent=98"}],"curies":[{"name":"wp","href":"https:\/\/api.w.org\/{rel}","templated":true}]}}