{"id":40,"date":"2015-10-27T14:52:24","date_gmt":"2015-10-27T13:52:24","guid":{"rendered":"https:\/\/www.theamalficoastweddingplanner.com\/?page_id=40"},"modified":"2015-12-15T16:20:51","modified_gmt":"2015-12-15T15:20:51","slug":"mr-raf","status":"publish","type":"page","link":"https:\/\/www.theamalficoastweddingplanner.com\/it\/mr-raf\/","title":{"rendered":"Chi sono"},"content":{"rendered":"<p><a href=\"https:\/\/www.theamalficoastweddingplanner.com\/wp-content\/uploads\/2015\/10\/about_me_test.jpg\" data-rel=\"prettyPhoto[40]\"><img loading=\"lazy\" decoding=\"async\" class=\"alignnone size-post-thumbnail wp-image-49\" src=\"https:\/\/www.theamalficoastweddingplanner.com\/wp-content\/uploads\/2015\/10\/about_me_test-750x430.jpg\" alt=\"about_me_test\" width=\"750\" height=\"430\" \/><\/a><\/p>\n<h2 style=\"text-align: center;\">Mr. Raf<\/h2>\n<p>Ciao!<\/p>\n<p>Mi chiamo Raffaele ma tutti mi chiamano <strong>Mr. Raf<\/strong>. Sono nativo della Costiera Amalfitana, e sono orgoglioso di essere originario di questo angolo di paradiso.<\/p>\n<p>Lavoro nel campo del turismo dal 1994 come parte dello Staff della <a href=\"http:\/\/www.touringpoint.it\">Ma.Ra. Touring Point<\/a>, sia come guida autorizzata e sia come coordinatore di matrimoni, anniversari, battesimi, prime comunioni, offrendo il mio entusiasmo e la mia conoscenza della zona a tutti coloro che vogliono celebrare un giorno importante qui in <strong>Costiera Amalfitana<\/strong>.<\/p>\n<p>Scegliendo me non sarete delusi, far\u00f2 di tutto per rendervi felici e far s\u00ec che il vostro matrimonio, o evento, resti nella memoria come un giorno fantastico ed irripetibile. I servizi che offro vanno dalla realizzazione delle partecipazioni alla cura della pratica burocratica, dalla coordinazione dell\u2019evento all\u2019addobbo floreale, dalla musica per il ricevimento alla sistemazione alberghiera. E poi ancora il fotografo, fuochi artificiali, e chi pi\u00f9 ne ha pi\u00f9 ne metta. Insomma tutto quello che avete in mente per il giorno pi\u00f9 bella della vostra vita potrete realizzarlo con me.<\/p>\n<p><strong>Nota bene<\/strong>: non aggiungo commissioni ai costi dei servizi dei diversi fornitori.<\/p>\n","protected":false},"excerpt":{"rendered":"<p>Mi chiamo Raffaele ma tutti mi chiamano Mister Raf. Sono nativo della Costiera Amalfitana, e sono orgoglioso di essere originario di questo angolo di paradiso.<br \/>\nLavoro nel campo del turismo dal 1994 come parte dello Staff della Ma.Ra. Touring Point, sia come guida autorizzata e sia come coordinatore di matrimoni<\/p>\n","protected":false},"author":1,"featured_media":110,"parent":0,"menu_order":0,"comment_status":"closed","ping_status":"closed","template":"","meta":{"footnotes":""},"class_list":["post-40","page","type-page","status-publish","has-post-thumbnail","hentry"],"yoast_head":"<!-- This site is optimized with the Yoast SEO plugin v27.4 - https:\/\/yoast.com\/product\/yoast-seo-wordpress\/ -->\n<title>Mr. Raf The Amalfi Coast Wedding Planner<\/title>\n<meta name=\"description\" content=\"Mr. Raf Wedding Planner ad Amalfi, Positano e Ravello. Scopri tutti i servizi che ti offro per trasformare il giorno del tuo matrimonio in un sogno.\" \/>\n<meta name=\"robots\" content=\"index, follow, max-snippet:-1, max-image-preview:large, max-video-preview:-1\" \/>\n<link rel=\"canonical\" href=\"https:\/\/www.theamalficoastweddingplanner.com\/it\/mr-raf\/\" \/>\n<meta property=\"og:locale\" content=\"it_IT\" \/>\n<meta property=\"og:type\" content=\"article\" \/>\n<meta property=\"og:title\" content=\"Mr. Raf The Amalfi Coast Wedding Planner\" \/>\n<meta property=\"og:description\" content=\"Mr. Raf Wedding Planner ad Amalfi, Positano e Ravello. Scopri tutti i servizi che ti offro per trasformare il giorno del tuo matrimonio in un sogno.\" \/>\n<meta property=\"og:url\" content=\"https:\/\/www.theamalficoastweddingplanner.com\/it\/mr-raf\/\" \/>\n<meta property=\"og:site_name\" content=\"Amalfi Wedding Planner\" \/>\n<meta property=\"article:modified_time\" content=\"2015-12-15T15:20:51+00:00\" \/>\n<meta property=\"og:image\" content=\"https:\/\/www.theamalficoastweddingplanner.com\/wp-content\/uploads\/2015\/10\/mr-raf_2.png\" \/>\n\t<meta property=\"og:image:width\" content=\"555\" \/>\n\t<meta property=\"og:image:height\" content=\"380\" \/>\n\t<meta property=\"og:image:type\" content=\"image\/png\" \/>\n<meta name=\"twitter:card\" content=\"summary_large_image\" \/>\n<meta name=\"twitter:label1\" content=\"Tempo di lettura stimato\" \/>\n\t<meta name=\"twitter:data1\" content=\"1 minuto\" \/>\n<script type=\"application\/ld+json\" class=\"yoast-schema-graph\">{\"@context\":\"https:\\\/\\\/schema.org\",\"@graph\":[{\"@type\":\"WebPage\",\"@id\":\"https:\\\/\\\/www.theamalficoastweddingplanner.com\\\/it\\\/mr-raf\\\/\",\"url\":\"https:\\\/\\\/www.theamalficoastweddingplanner.com\\\/it\\\/mr-raf\\\/\",\"name\":\"Mr. Raf The Amalfi Coast Wedding Planner\",\"isPartOf\":{\"@id\":\"https:\\\/\\\/www.theamalficoastweddingplanner.com\\\/it\\\/#website\"},\"primaryImageOfPage\":{\"@id\":\"https:\\\/\\\/www.theamalficoastweddingplanner.com\\\/it\\\/mr-raf\\\/#primaryimage\"},\"image\":{\"@id\":\"https:\\\/\\\/www.theamalficoastweddingplanner.com\\\/it\\\/mr-raf\\\/#primaryimage\"},\"thumbnailUrl\":\"https:\\\/\\\/www.theamalficoastweddingplanner.com\\\/wp-content\\\/uploads\\\/2015\\\/10\\\/mr-raf_2.png\",\"datePublished\":\"2015-10-27T13:52:24+00:00\",\"dateModified\":\"2015-12-15T15:20:51+00:00\",\"description\":\"Mr. Raf Wedding Planner ad Amalfi, Positano e Ravello. Scopri tutti i servizi che ti offro per trasformare il giorno del tuo matrimonio in un sogno.\",\"breadcrumb\":{\"@id\":\"https:\\\/\\\/www.theamalficoastweddingplanner.com\\\/it\\\/mr-raf\\\/#breadcrumb\"},\"inLanguage\":\"it-IT\",\"potentialAction\":[{\"@type\":\"ReadAction\",\"target\":[\"https:\\\/\\\/www.theamalficoastweddingplanner.com\\\/it\\\/mr-raf\\\/\"]}]},{\"@type\":\"ImageObject\",\"inLanguage\":\"it-IT\",\"@id\":\"https:\\\/\\\/www.theamalficoastweddingplanner.com\\\/it\\\/mr-raf\\\/#primaryimage\",\"url\":\"https:\\\/\\\/www.theamalficoastweddingplanner.com\\\/wp-content\\\/uploads\\\/2015\\\/10\\\/mr-raf_2.png\",\"contentUrl\":\"https:\\\/\\\/www.theamalficoastweddingplanner.com\\\/wp-content\\\/uploads\\\/2015\\\/10\\\/mr-raf_2.png\",\"width\":555,\"height\":380,\"caption\":\"mr. raf weddings\"},{\"@type\":\"BreadcrumbList\",\"@id\":\"https:\\\/\\\/www.theamalficoastweddingplanner.com\\\/it\\\/mr-raf\\\/#breadcrumb\",\"itemListElement\":[{\"@type\":\"ListItem\",\"position\":1,\"name\":\"Home\",\"item\":\"https:\\\/\\\/www.theamalficoastweddingplanner.com\\\/it\\\/\"},{\"@type\":\"ListItem\",\"position\":2,\"name\":\"Chi sono\"}]},{\"@type\":\"WebSite\",\"@id\":\"https:\\\/\\\/www.theamalficoastweddingplanner.com\\\/it\\\/#website\",\"url\":\"https:\\\/\\\/www.theamalficoastweddingplanner.com\\\/it\\\/\",\"name\":\"Amalfi Wedding Planner\",\"description\":\"Your Wedding Planner in Amalfi\",\"potentialAction\":[{\"@type\":\"SearchAction\",\"target\":{\"@type\":\"EntryPoint\",\"urlTemplate\":\"https:\\\/\\\/www.theamalficoastweddingplanner.com\\\/it\\\/?s={search_term_string}\"},\"query-input\":{\"@type\":\"PropertyValueSpecification\",\"valueRequired\":true,\"valueName\":\"search_term_string\"}}],\"inLanguage\":\"it-IT\"}]}<\/script>\n<!-- \/ Yoast SEO plugin. -->","yoast_head_json":{"title":"Mr. Raf The Amalfi Coast Wedding Planner","description":"Mr. Raf Wedding Planner ad Amalfi, Positano e Ravello. Scopri tutti i servizi che ti offro per trasformare il giorno del tuo matrimonio in un sogno.","robots":{"index":"index","follow":"follow","max-snippet":"max-snippet:-1","max-image-preview":"max-image-preview:large","max-video-preview":"max-video-preview:-1"},"canonical":"https:\/\/www.theamalficoastweddingplanner.com\/it\/mr-raf\/","og_locale":"it_IT","og_type":"article","og_title":"Mr. Raf The Amalfi Coast Wedding Planner","og_description":"Mr. Raf Wedding Planner ad Amalfi, Positano e Ravello. Scopri tutti i servizi che ti offro per trasformare il giorno del tuo matrimonio in un sogno.","og_url":"https:\/\/www.theamalficoastweddingplanner.com\/it\/mr-raf\/","og_site_name":"Amalfi Wedding Planner","article_modified_time":"2015-12-15T15:20:51+00:00","og_image":[{"width":555,"height":380,"url":"https:\/\/www.theamalficoastweddingplanner.com\/wp-content\/uploads\/2015\/10\/mr-raf_2.png","type":"image\/png"}],"twitter_card":"summary_large_image","twitter_misc":{"Tempo di lettura stimato":"1 minuto"},"schema":{"@context":"https:\/\/schema.org","@graph":[{"@type":"WebPage","@id":"https:\/\/www.theamalficoastweddingplanner.com\/it\/mr-raf\/","url":"https:\/\/www.theamalficoastweddingplanner.com\/it\/mr-raf\/","name":"Mr. Raf The Amalfi Coast Wedding Planner","isPartOf":{"@id":"https:\/\/www.theamalficoastweddingplanner.com\/it\/#website"},"primaryImageOfPage":{"@id":"https:\/\/www.theamalficoastweddingplanner.com\/it\/mr-raf\/#primaryimage"},"image":{"@id":"https:\/\/www.theamalficoastweddingplanner.com\/it\/mr-raf\/#primaryimage"},"thumbnailUrl":"https:\/\/www.theamalficoastweddingplanner.com\/wp-content\/uploads\/2015\/10\/mr-raf_2.png","datePublished":"2015-10-27T13:52:24+00:00","dateModified":"2015-12-15T15:20:51+00:00","description":"Mr. Raf Wedding Planner ad Amalfi, Positano e Ravello. Scopri tutti i servizi che ti offro per trasformare il giorno del tuo matrimonio in un sogno.","breadcrumb":{"@id":"https:\/\/www.theamalficoastweddingplanner.com\/it\/mr-raf\/#breadcrumb"},"inLanguage":"it-IT","potentialAction":[{"@type":"ReadAction","target":["https:\/\/www.theamalficoastweddingplanner.com\/it\/mr-raf\/"]}]},{"@type":"ImageObject","inLanguage":"it-IT","@id":"https:\/\/www.theamalficoastweddingplanner.com\/it\/mr-raf\/#primaryimage","url":"https:\/\/www.theamalficoastweddingplanner.com\/wp-content\/uploads\/2015\/10\/mr-raf_2.png","contentUrl":"https:\/\/www.theamalficoastweddingplanner.com\/wp-content\/uploads\/2015\/10\/mr-raf_2.png","width":555,"height":380,"caption":"mr. raf weddings"},{"@type":"BreadcrumbList","@id":"https:\/\/www.theamalficoastweddingplanner.com\/it\/mr-raf\/#breadcrumb","itemListElement":[{"@type":"ListItem","position":1,"name":"Home","item":"https:\/\/www.theamalficoastweddingplanner.com\/it\/"},{"@type":"ListItem","position":2,"name":"Chi sono"}]},{"@type":"WebSite","@id":"https:\/\/www.theamalficoastweddingplanner.com\/it\/#website","url":"https:\/\/www.theamalficoastweddingplanner.com\/it\/","name":"Amalfi Wedding Planner","description":"Your Wedding Planner in Amalfi","potentialAction":[{"@type":"SearchAction","target":{"@type":"EntryPoint","urlTemplate":"https:\/\/www.theamalficoastweddingplanner.com\/it\/?s={search_term_string}"},"query-input":{"@type":"PropertyValueSpecification","valueRequired":true,"valueName":"search_term_string"}}],"inLanguage":"it-IT"}]}},"_links":{"self":[{"href":"https:\/\/www.theamalficoastweddingplanner.com\/it\/wp-json\/wp\/v2\/pages\/40","targetHints":{"allow":["GET"]}}],"collection":[{"href":"https:\/\/www.theamalficoastweddingplanner.com\/it\/wp-json\/wp\/v2\/pages"}],"about":[{"href":"https:\/\/www.theamalficoastweddingplanner.com\/it\/wp-json\/wp\/v2\/types\/page"}],"author":[{"embeddable":true,"href":"https:\/\/www.theamalficoastweddingplanner.com\/it\/wp-json\/wp\/v2\/users\/1"}],"replies":[{"embeddable":true,"href":"https:\/\/www.theamalficoastweddingplanner.com\/it\/wp-json\/wp\/v2\/comments?post=40"}],"version-history":[{"count":11,"href":"https:\/\/www.theamalficoastweddingplanner.com\/it\/wp-json\/wp\/v2\/pages\/40\/revisions"}],"predecessor-version":[{"id":693,"href":"https:\/\/www.theamalficoastweddingplanner.com\/it\/wp-json\/wp\/v2\/pages\/40\/revisions\/693"}],"wp:featuredmedia":[{"embeddable":true,"href":"https:\/\/www.theamalficoastweddingplanner.com\/it\/wp-json\/wp\/v2\/media\/110"}],"wp:attachment":[{"href":"https:\/\/www.theamalficoastweddingplanner.com\/it\/wp-json\/wp\/v2\/media?parent=40"}],"curies":[{"name":"wp","href":"https:\/\/api.w.org\/{rel}","templated":true}]}}