{"id":400,"date":"2015-12-10T10:33:01","date_gmt":"2015-12-10T09:33:01","guid":{"rendered":"https:\/\/www.theamalficoastweddingplanner.com\/?page_id=400"},"modified":"2024-03-12T16:08:26","modified_gmt":"2024-03-12T15:08:26","slug":"cookie-privacy-policy","status":"publish","type":"page","link":"https:\/\/www.theamalficoastweddingplanner.com\/it\/cookie-privacy-policy\/","title":{"rendered":"Cookie &#038; Privacy Policy"},"content":{"rendered":"<p>In questa pagina si descrivono le modalit\u00e0 di gestione del sito in riferimento al trattamento dei dati personali degli utenti che lo consultano.<br \/>\nSi tratta di un\u2019informativa resa ai sensi del Regolamento UE 2016\/679 del 27 aprile 2016 (<strong>GDPR<\/strong>) e dell\u2019art. 13 del d.lgs. n. 196\/2003 \u2013 Codice in materia di protezione dei dati personali \u2013 a coloro che interagiscono con i servizi web di <strong>The Amalfi Coast Wedding Planner<\/strong>, accessibili per via telematica a partire dagli indirizzi:<\/p>\n<p><strong><a href=\"https:\/\/www.theamalficoastweddingplanner.com\">https:\/\/www.theamalficoastweddingplanner.com<\/a><\/strong><\/p>\n<p><strong><a href=\"https:\/\/www.theamalficoastweddingplanner.it\">https:\/\/www.theamalficoastweddingplanner.it<\/a><\/strong><\/p>\n<p>corrispondenti alle pagine iniziali del sito di propriet\u00e0 di <strong>Dipino Raffaele<\/strong><\/p>\n<p>L\u2019informativa \u00e8 resa solo per i siti sopra indicati e non anche per gli altri siti web eventualmente consultati dall\u2019utente tramite link.<\/p>\n<h2>IL \u201cTITOLARE\u201d DEL TRATTAMENTO<\/h2>\n<p>Il Titolare del trattamento \u00e8 <strong>Dipino Raffaele<\/strong>, che ha sede in <strong>Piazza Spirito Santo, 8 84011 Amalfi (SA)<\/strong>.<\/p>\n<h2>RESPONSABILI DEL TRATTAMENTO<\/h2>\n<p>L\u2019elenco completo ed aggiornato dei soggetti designati responsabili \u00e8 disponibile su richiesta presso la nostra sede.<\/p>\n<h2>TIPOLOGIE DI DATI TRATTATI<\/h2>\n<h3>Dati di navigazione<\/h3>\n<p>I sistemi informatici e le procedure software preposte al funzionamento di questo sito web acquisiscono, nel corso del loro normale esercizio, alcuni dati personali la cui trasmissione \u00e8 implicita nell\u2019uso dei protocolli di comunicazione di Internet. Si tratta di informazioni che non sono raccolte per essere associate a interessati identificati, ma che per loro stessa natura potrebbero, attraverso elaborazioni ed associazioni con dati detenuti da terzi, permettere di identificare gli utenti. In questa categoria di dati rientrano gli indirizzi IP o i nomi a dominio dei computer utilizzati dagli utenti che si connettono al sito, gli indirizzi in notazione URI (Uniform Resource Identifier) delle risorse richieste, l\u2019orario della richiesta, il metodo utilizzato nel sottoporre la richiesta al server, la dimensione del file ottenuto in risposta, il codice numerico indicante lo stato della risposta data dal server (buon fine, errore, ecc.) ed altri parametri relativi al sistema operativo e all\u2019ambiente informatico dell\u2019utente. Questi dati vengono utilizzati al solo fine di ricavare informazioni statistiche anonime sull\u2019uso del sito e per controllarne il corretto funzionamento. I dati potrebbero essere utilizzati per l\u2019accertamento di responsabilit\u00e0 in caso di ipotetici reati informatici ai danni del sito.<\/p>\n<h3>Dati comunicati volontariamente dall\u2019utente<\/h3>\n<p>Salvo quanto detto per i dati di navigazione e i cookies utilizzati sul sito web di\u00a0 <strong>The Amalfi Coast Wedding Planner<\/strong>\u00a0 sei sempre libero di fornire i tuoi dati personali.<br \/>\nLa richiesta di informazioni e\/o preventivi comportano l&#8217;acquisizione dei tuoi dati di contatto, necessari a rispondere, nonch\u00e9 di tutti i dati personali inclusi nelle comunicazioni.<\/p>\n<p>I dati personali eventualmente raccolti saranno trattati ai sensi dell\u2019art. 6 del GDPR.<br \/>\nTali dati raccolti dal Titolare ai fini dell\u2019eventuale erogazione del servizio includono:<br \/>\n\u2022 dati anagrafici e di contatto, come ad esempio: nome, cognome, indirizzo, numero di telefono, e-mail ed altri recapiti;<br \/>\n\u2022 dati fiscali;<br \/>\n\u2022 eventuali ulteriori dati che riterr\u00e0 opportuno comunicare.<\/p>\n<p>Per l\u2019acquisto dei servizi offerti tramite il nostro sito web il conferimento dei dati \u00e8 indispensabile e obbligatorio ai fini della conclusione dell\u2019ordine.<\/p>\n<p>Le interazioni con i processori di pagamento di Terze parti sono regolate dalla politica sulla privacy dell\u2019organizzazione che le fornisce.<\/p>\n<p>&nbsp;<\/p>\n<h2>COMUNICAZIONE E DIFFUSIONE DEI DATI<\/h2>\n<p>I dati personali da te forniti sono utilizzati al solo fine di eseguire il servizio o la prestazione richiesta e non sono comunicati a terzi, tranne nei seguenti possibili casi:<\/p>\n<ul>\n<li>fornitori indipendenti che potranno trattare i Dati personali necessari per svolgere le funzioni loro affidate, ma non potranno utilizzarli per altri scopi, nel rispetto delle garanzie previste dalla legge;<\/li>\n<li>persone, societ\u00e0 o studi professionali che prestino attivit\u00e0 di assistenza e consulenza in materia contabile, amministrativa, legale, tributaria, finanziaria e tecnica;<\/li>\n<li>soggetti cui la facolt\u00e0 di accedere ai dati sia riconosciuta da disposizioni di legge o da ordini delle autorit\u00e0.<\/li>\n<\/ul>\n<p>I servizi di pagamento sono affidati a fornitori terzi, ai quali comunicherai i tuoi dati, inclusi i dati personali e i dati relativi alla carta di credito, che agiranno in veste di autonomi titolari del trattamento dei dati personali al fine di fornire i servizi di pagamento nel rispetto della normativa applicabile e degli standard internazionali di sicurezza.<br \/>\nI trattamenti connessi ai servizi web sono curati solo da personale tecnico incaricato del trattamento, oppure da eventuali incaricati di occasionali operazioni di manutenzione. Nessun dato derivante dal servizio web viene comunicato o diffuso a terzi.<\/p>\n<h2>CONSERVAZIONE DEI DATI RACCOLTI<\/h2>\n<p>Il trattamento dei dati personali verr\u00e0 effettuato sia mediante supporti cartacei, sia attraverso l\u2019ausilio di mezzi informatici per il tempo necessario a conseguire gli scopi per cui sono stati raccolti o comunque per il tempo necessario per l\u2019accertamento, l\u2019esercizio e la difesa in sede giudiziaria dei nostri diritti e dei diritti degli utenti.<\/p>\n<h2>PROTEZIONE DEI DATI<\/h2>\n<p>Ci impegniamo a proteggere i dati personali dei nostri utenti. Per questo motivo abbiamo predisposto ed adottiamo misure tecniche e organizzative adeguate per garantire la sicurezza dei dati personali forniti.<br \/>\nIn particolare:<\/p>\n<ul>\n<li>verifichiamo le nostre prassi per le attivit\u00e0 di acquisizione, conservazione e trattamento dei dati, misure di sicurezza fisica comprese, allo scopo di impedire l\u2019accesso non autorizzato ai sistemi;<\/li>\n<li>facciamo uso di tecnologie di crittografia, ove appropriato;<\/li>\n<li>facciamo uso di misure di protezione mediante password, ove appropriato;<\/li>\n<li>limitiamo l\u2019accesso ai Dati personali ai soli dipendenti e collaboratori che hanno la necessit\u00e0 di accedere a tali dati al fine di elaborarli per nostro conto e sotto rigidi obblighi di riservatezza contrattuali.<\/li>\n<\/ul>\n<h2>COOKIE POLICY<\/h2>\n<h3>Informativa Estesa<\/h3>\n<p>Il sito web di\u00a0 <strong>The Amalfi Coast Wedding Planner<\/strong><strong>\u00a0<\/strong>utilizza cookie e\/o tecnologie analoghe per garantire il corretto funzionamento delle procedure e una migliore esperienza nell\u2019uso delle applicazioni online. In questa pagina forniamo le informazioni dettagliate sull\u2019uso dei cookie e delle tecnologie assimilabili, su come sono utilizzati e su come gestirli, in adeguamento alla recente normativa italiana ed europea relativa agli obblighi di informazione e tutela degli utenti dei siti web.<br \/>\nNello specifico ti informiamo che il sito non usa n\u00e9 user\u00e0 mai cookie di tracciamento n\u00e9 di profilazione, ma solo quelli strettamente necessari al funzionamento ed all\u2019analisi strutturata delle prestazioni e del traffico.<\/p>\n<h3>Definizioni<\/h3>\n<p>I cookie sono brevi stringhe di testo (lettere e\/o numeri) che permettono al web server di memorizzare sul client (il browser) informazioni da riutilizzare nel corso della medesima visita al sito (cookie di sessione) o in seguito, anche a distanza di giorni (cookie persistenti). I cookie vengono memorizzati, in base alle preferenze dell\u2019utente, dal singolo browser sullo specifico dispositivo utilizzato (computer, tablet, smartphone).<\/p>\n<h3>Tipologie di cookie<\/h3>\n<p>In base alle caratteristiche ed all\u2019utilizzo dei cookie possiamo distinguere diverse categorie:<\/p>\n<p><strong>Cookie strettamente necessari. <\/strong><\/p>\n<p>Si tratta di cookie indispensabili per il corretto funzionamento del sito di\u00a0 <strong>The Amalfi Coast Wedding Planner<\/strong><strong>\u00a0<\/strong>e sono utilizzati per gestire il login e l\u2019accesso alle funzioni riservate del sito. La durata dei cookie \u00e8 strettamente limitata alla sessione di lavoro (chiuso il browser vengono cancellati).<\/p>\n<p><strong>Cookie di analisi e prestazioni. <\/strong><\/p>\n<p>Sono cookie utilizzati per raccogliere e analizzare il traffico e l\u2019utilizzo del sito in modo anonimo. Questi cookie, pur senza identificare l\u2019utente, consentono, per esempio, di rilevare se il medesimo utente torna a collegarsi in momenti diversi. Permettono inoltre di monitorare il sistema e migliorarne le prestazioni e l\u2019usabilit\u00e0. La disattivazione di tali cookie pu\u00f2 essere eseguita senza alcuna perdita di funzionalit\u00e0.<\/p>\n<p><strong>Cookie di profilazione. <\/strong><\/p>\n<p>Si tratta di cookie permanenti utilizzati per identificare (in modo anonimo e non) le preferenze dell\u2019utente e migliorare la sua esperienza di navigazione. Il sito di\u00a0 <strong>The Amalfi Coast Wedding Planner<\/strong>\u00a0non utilizza cookie di questo tipo.<\/p>\n<p>I cookie utilizzati sul nostro sito sono consultabili attraverso il pulsante &#8220;Personalizza&#8221; accessibile nel cookie banner del sito.<\/p>\n<p>Per accedere al cookie banner dopo aver salvato le proprie preferenza sull&#8217;utilizzo dei cookie, \u00e8 possibile utilizzare il bottone &#8220;Impostazioni Cookies&#8221; presente in basso in ogni pagina.<\/p>\n<h3>Cookie di terze parti<\/h3>\n<p>Quando si visita un sito web \u00e8 possibile ricevere cookie sia dal sito che si sta visitando (\u201ccookie proprietari\u201d), sia da siti gestiti da altre organizzazioni (detti di \u201cterze parti\u201d).<\/p>\n<h3>Google Analytics<\/h3>\n<p>Nel sito di\u00a0 <strong>The Amalfi Coast Wedding Planner<\/strong>\u00a0 \u00a0sono inclusi anche componenti trasmesse da Google Analytics, un servizio di analisi del traffico web fornito da Google, Inc. (\u201cGoogle\u201d). Anche in questo caso si tratta di cookie di terze parti raccolti e gestiti per\u00f2 in modo anonimo per monitorare e migliorare le prestazioni del sito ospite (c.d. performance cookie). In questo sito il cookie di Google Analytics \u00e8 stato reso anonimo al fine di poterlo equiparare ai cookie tecnici. Con l\u2019uso dei cookie di Google Analytics con IP anonimizzato, infatti, tutte le informazioni vengono raccolte da Google Analytics in forma aggregata.<\/p>\n<p>Per ulteriori informazioni,\u00a0 si rinvia al link di seguito indicato:<\/p>\n<p><strong><a href=\"https:\/\/www.google.it\/policies\/privacy\/partners\/\">https:\/\/www.google.it\/policies\/privacy\/partners\/<\/a><\/strong><\/p>\n<p>L\u2019utente pu\u00f2 disabilitare in modo selettivo l\u2019azione di Google Analytics utilizzando le impostazioni dei cookie (vedi Gestione dei cookie). In alternativa \u00e8 possibile installare sul proprio browser la componente di opt-out fornita da Google e scaricabile al link di seguito indicato:<\/p>\n<p><a href=\"https:\/\/tools.google.com\/dlpage\/gaoptout\"><strong>https:\/\/tools.google.com\/dlpage\/gaoptout<\/strong><\/a><\/p>\n<h3>Durata dei cookie<\/h3>\n<p>Alcuni cookie (cookie di sessione) restano attivi solo fino alla chiusura del browser o all\u2019esecuzione del comando di logout. Altri cookie \u201csopravvivono\u201d alla chiusura del browser e sono disponibili anche in successive visite dell\u2019utente.<\/p>\n<p>Questi cookie sono detti persistenti e la loro durata \u00e8 fissata dal server al momento della loro creazione. In alcuni casi \u00e8 fissata una scadenza, in altri casi la durata \u00e8 illimitata.<\/p>\n<p>Tuttavia, navigando sulle pagine del sito web di <strong>The Amalfi Coast Wedding Planner<\/strong>, si pu\u00f2 interagire con siti gestiti da terze parti che possono creare o modificare cookie permanenti e di profilazione.<\/p>\n<h3>Gestione dei cookie<\/h3>\n<p>Puoi decidere se accettare o meno i cookie utilizzando le impostazioni cookie del sito, modificabili tramite il bottone &#8220;Impostazioni Cookies&#8221;\u00a0 presente nel pi\u00e8 di pagina del sito.<\/p>\n<p>Attenzione: la disabilitazione totale o parziale dei cookie tecnici pu\u00f2 compromettere l\u2019utilizzo delle funzionalit\u00e0 del sito riservate agli utenti registrati. Al contrario, la fruibilit\u00e0 dei contenuti pubblici \u00e8 possibile anche disabilitando completamente i cookie. La disabilitazione dei cookie \u201cterze parti\u201d non pregiudica in alcun modo la navigabilit\u00e0.<\/p>\n<p>Una lista aggiornata con le istruzioni per la gestione dei cookies nei browser pi\u00f9 utilizzati pu\u00f2 essere consultata alla pagina<\/p>\n<p><a href=\"https:\/\/kb.amalfiweb.it\/ikb\/gestione-cookie-nei-browser\/\">https:\/\/kb.amalfiweb.it\/ikb\/gestione-cookie-nei-browser\/<\/a><strong>.<\/strong><\/p>\n<h2>MODALIT\u00c0 DEL TRATTAMENTO<\/h2>\n<p>I dati personali sono trattati con strumenti automatizzati. Specifiche misure di sicurezza sono osservate per prevenire la perdita dei dati, usi illeciti o non corretti ed accessi non autorizzati.<\/p>\n<h2>DIRITTI DEGLI INTERESSATI<\/h2>\n<p>I diritti garantiti dalla Normativa Applicabile, potranno essere esercitati contattando il Titolare, a mezzo raccomandata a\/r presso la sede legale di <strong>The Amalfi Coast Wedding Planner<\/strong> ovvero inviando un messaggio di posta elettronica al seguente indirizzo Testi: <a href=\"mailto:mr.raf75@gmail.com\">mr.raf75@gmail.com<\/a><\/p>\n<p>Ai sensi della Normativa Applicabile, ti informiamo che hai il diritto di ottenere l&#8217;indicazione<\/p>\n<ol>\n<li>dell&#8217;origine dei dati personali;<\/li>\n<li>delle finalit\u00e0 e modalit\u00e0 del trattamento;<\/li>\n<li>della logica applicata in caso di trattamento effettuato con l&#8217;ausilio di strumenti elettronici;<\/li>\n<li>degli estremi identificativi del Titolare e dei Responsabili;<\/li>\n<li>dei soggetti o delle categorie di soggetti ai quali i dati personali possono essere comunicati o che possono venirne a conoscenza in qualit\u00e0 di responsabili o incaricati.<\/li>\n<\/ol>\n<p>Inoltre, hai il diritto di ottenere:<\/p>\n<p>a) l\u2019accesso, l&#8217;aggiornamento, la rettificazione ovvero, quando vi \u00e8 interesse, l&#8217;integrazione dei dati;<\/p>\n<p>b) la cancellazione, la trasformazione in forma anonima o il blocco dei dati trattati in violazione di legge, compresi quelli di cui non \u00e8 necessaria la conservazione in relazione agli scopi per i quali i dati sono stati raccolti o successivamente trattati;<\/p>\n<p>c) l&#8217;attestazione che le operazioni di cui alle lettere a) e b) sono state portate a conoscenza, anche per quanto riguarda il loro contenuto, di coloro ai quali i dati sono stati comunicati o diffusi, eccettuato il caso in cui tale adempimento si rivela impossibile o comporta un impiego di mezzi manifestamente sproporzionato rispetto al diritto tutelato.<\/p>\n<p>Inoltre, hai:<\/p>\n<p>a) il diritto di revocare il consenso, in qualsiasi momento, nel caso in cui abbia acconsentito al trattamento dei dati personali per le finalit\u00e0 commerciali e di marketing;<\/p>\n<p>b) se applicabile il diritto alla portabilit\u00e0 dei dati (diritto di ricevere tutti i dati personali che ti riguardano in un formato strutturato, di uso comune e leggibile da dispositivo automatico), il diritto alla limitazione del trattamento dei dati personali e il diritto alla cancellazione (\u201cdiritto all\u2019oblio\u201d);<\/p>\n<p>c) il diritto di opporsi in tutto o in parte, per motivi connessi alla tua situazione personale, al trattamento dei dati personali che ti riguardano, ancorch\u00e9 pertinenti allo scopo della raccolta, nonch\u00e9 di opporsi, in ogni momento, al trattamento di dati per finalit\u00e0 di marketing ovvero di opporsi solo con riguardo ad alcune modalit\u00e0;<\/p>\n<p>d) qualora tu ritenga che il trattamento dei dati personali svolto dal Titolare violi il Regolamento, hai il diritto di proporre reclamo a un\u2019Autorit\u00e0 di controllo (nello Stato membro in cui risiede abitualmente, in quello in cui lavora oppure in quello in cui si \u00e8 verificata la presunta violazione). L\u2019Autorit\u00e0 di controllo italiana \u00e8 il Garante per la protezione dei dati personali, con sede in Piazza di Monte Citorio n. 121, 00186 \u2013 Roma (<strong><a href=\"http:\/\/www.garanteprivacy.it\/\">http:\/\/www.garanteprivacy.it\/<\/a><\/strong>).<\/p>\n","protected":false},"excerpt":{"rendered":"<p>In questa pagina si descrivono le modalit\u00e0 di gestione del sito in riferimento al trattamento dei dati personali degli utenti che lo consultano. Si tratta di un\u2019informativa resa ai sensi del Regolamento UE 2016\/679 del 27 aprile 2016 (GDPR) e dell\u2019art. 13 del d.lgs. n. 196\/2003 \u2013 Codice in materia[&#8230;]<\/p>\n","protected":false},"author":1,"featured_media":0,"parent":0,"menu_order":0,"comment_status":"closed","ping_status":"closed","template":"","meta":{"footnotes":""},"class_list":["post-400","page","type-page","status-publish","hentry"],"yoast_head":"<!-- This site is optimized with the Yoast SEO plugin v27.2 - https:\/\/yoast.com\/product\/yoast-seo-wordpress\/ -->\n<title>Cookie &amp; Privacy Policy - Amalfi Wedding Planner<\/title>\n<meta name=\"robots\" content=\"index, follow, max-snippet:-1, max-image-preview:large, max-video-preview:-1\" \/>\n<link rel=\"canonical\" href=\"https:\/\/www.theamalficoastweddingplanner.com\/it\/cookie-privacy-policy\/\" \/>\n<meta property=\"og:locale\" content=\"it_IT\" \/>\n<meta property=\"og:type\" content=\"article\" \/>\n<meta property=\"og:title\" content=\"Cookie &amp; Privacy Policy - Amalfi Wedding Planner\" \/>\n<meta property=\"og:description\" content=\"In questa pagina si descrivono le modalit\u00e0 di gestione del sito in riferimento al trattamento dei dati personali degli utenti che lo consultano. Si tratta di un\u2019informativa resa ai sensi del Regolamento UE 2016\/679 del 27 aprile 2016 (GDPR) e dell\u2019art. 13 del d.lgs. n. 196\/2003 \u2013 Codice in materia[...]\" \/>\n<meta property=\"og:url\" content=\"https:\/\/www.theamalficoastweddingplanner.com\/it\/cookie-privacy-policy\/\" \/>\n<meta property=\"og:site_name\" content=\"Amalfi Wedding Planner\" \/>\n<meta property=\"article:modified_time\" content=\"2024-03-12T15:08:26+00:00\" \/>\n<meta name=\"twitter:card\" content=\"summary_large_image\" \/>\n<meta name=\"twitter:label1\" content=\"Tempo di lettura stimato\" \/>\n\t<meta name=\"twitter:data1\" content=\"10 minuti\" \/>\n<script type=\"application\/ld+json\" class=\"yoast-schema-graph\">{\"@context\":\"https:\/\/schema.org\",\"@graph\":[{\"@type\":\"WebPage\",\"@id\":\"https:\/\/www.theamalficoastweddingplanner.com\/it\/cookie-privacy-policy\/\",\"url\":\"https:\/\/www.theamalficoastweddingplanner.com\/it\/cookie-privacy-policy\/\",\"name\":\"Cookie & Privacy Policy - Amalfi Wedding Planner\",\"isPartOf\":{\"@id\":\"https:\/\/www.theamalficoastweddingplanner.com\/it\/#website\"},\"datePublished\":\"2015-12-10T09:33:01+00:00\",\"dateModified\":\"2024-03-12T15:08:26+00:00\",\"breadcrumb\":{\"@id\":\"https:\/\/www.theamalficoastweddingplanner.com\/it\/cookie-privacy-policy\/#breadcrumb\"},\"inLanguage\":\"it-IT\",\"potentialAction\":[{\"@type\":\"ReadAction\",\"target\":[\"https:\/\/www.theamalficoastweddingplanner.com\/it\/cookie-privacy-policy\/\"]}]},{\"@type\":\"BreadcrumbList\",\"@id\":\"https:\/\/www.theamalficoastweddingplanner.com\/it\/cookie-privacy-policy\/#breadcrumb\",\"itemListElement\":[{\"@type\":\"ListItem\",\"position\":1,\"name\":\"Home\",\"item\":\"https:\/\/www.theamalficoastweddingplanner.com\/it\/\"},{\"@type\":\"ListItem\",\"position\":2,\"name\":\"Cookie &#038; Privacy Policy\"}]},{\"@type\":\"WebSite\",\"@id\":\"https:\/\/www.theamalficoastweddingplanner.com\/it\/#website\",\"url\":\"https:\/\/www.theamalficoastweddingplanner.com\/it\/\",\"name\":\"Amalfi Wedding Planner\",\"description\":\"Your Wedding Planner in Amalfi\",\"potentialAction\":[{\"@type\":\"SearchAction\",\"target\":{\"@type\":\"EntryPoint\",\"urlTemplate\":\"https:\/\/www.theamalficoastweddingplanner.com\/it\/?s={search_term_string}\"},\"query-input\":{\"@type\":\"PropertyValueSpecification\",\"valueRequired\":true,\"valueName\":\"search_term_string\"}}],\"inLanguage\":\"it-IT\"}]}<\/script>\n<!-- \/ Yoast SEO plugin. -->","yoast_head_json":{"title":"Cookie & Privacy Policy - Amalfi Wedding Planner","robots":{"index":"index","follow":"follow","max-snippet":"max-snippet:-1","max-image-preview":"max-image-preview:large","max-video-preview":"max-video-preview:-1"},"canonical":"https:\/\/www.theamalficoastweddingplanner.com\/it\/cookie-privacy-policy\/","og_locale":"it_IT","og_type":"article","og_title":"Cookie & Privacy Policy - Amalfi Wedding Planner","og_description":"In questa pagina si descrivono le modalit\u00e0 di gestione del sito in riferimento al trattamento dei dati personali degli utenti che lo consultano. Si tratta di un\u2019informativa resa ai sensi del Regolamento UE 2016\/679 del 27 aprile 2016 (GDPR) e dell\u2019art. 13 del d.lgs. n. 196\/2003 \u2013 Codice in materia[...]","og_url":"https:\/\/www.theamalficoastweddingplanner.com\/it\/cookie-privacy-policy\/","og_site_name":"Amalfi Wedding Planner","article_modified_time":"2024-03-12T15:08:26+00:00","twitter_card":"summary_large_image","twitter_misc":{"Tempo di lettura stimato":"10 minuti"},"schema":{"@context":"https:\/\/schema.org","@graph":[{"@type":"WebPage","@id":"https:\/\/www.theamalficoastweddingplanner.com\/it\/cookie-privacy-policy\/","url":"https:\/\/www.theamalficoastweddingplanner.com\/it\/cookie-privacy-policy\/","name":"Cookie & Privacy Policy - Amalfi Wedding Planner","isPartOf":{"@id":"https:\/\/www.theamalficoastweddingplanner.com\/it\/#website"},"datePublished":"2015-12-10T09:33:01+00:00","dateModified":"2024-03-12T15:08:26+00:00","breadcrumb":{"@id":"https:\/\/www.theamalficoastweddingplanner.com\/it\/cookie-privacy-policy\/#breadcrumb"},"inLanguage":"it-IT","potentialAction":[{"@type":"ReadAction","target":["https:\/\/www.theamalficoastweddingplanner.com\/it\/cookie-privacy-policy\/"]}]},{"@type":"BreadcrumbList","@id":"https:\/\/www.theamalficoastweddingplanner.com\/it\/cookie-privacy-policy\/#breadcrumb","itemListElement":[{"@type":"ListItem","position":1,"name":"Home","item":"https:\/\/www.theamalficoastweddingplanner.com\/it\/"},{"@type":"ListItem","position":2,"name":"Cookie &#038; Privacy Policy"}]},{"@type":"WebSite","@id":"https:\/\/www.theamalficoastweddingplanner.com\/it\/#website","url":"https:\/\/www.theamalficoastweddingplanner.com\/it\/","name":"Amalfi Wedding Planner","description":"Your Wedding Planner in Amalfi","potentialAction":[{"@type":"SearchAction","target":{"@type":"EntryPoint","urlTemplate":"https:\/\/www.theamalficoastweddingplanner.com\/it\/?s={search_term_string}"},"query-input":{"@type":"PropertyValueSpecification","valueRequired":true,"valueName":"search_term_string"}}],"inLanguage":"it-IT"}]}},"_links":{"self":[{"href":"https:\/\/www.theamalficoastweddingplanner.com\/it\/wp-json\/wp\/v2\/pages\/400","targetHints":{"allow":["GET"]}}],"collection":[{"href":"https:\/\/www.theamalficoastweddingplanner.com\/it\/wp-json\/wp\/v2\/pages"}],"about":[{"href":"https:\/\/www.theamalficoastweddingplanner.com\/it\/wp-json\/wp\/v2\/types\/page"}],"author":[{"embeddable":true,"href":"https:\/\/www.theamalficoastweddingplanner.com\/it\/wp-json\/wp\/v2\/users\/1"}],"replies":[{"embeddable":true,"href":"https:\/\/www.theamalficoastweddingplanner.com\/it\/wp-json\/wp\/v2\/comments?post=400"}],"version-history":[{"count":7,"href":"https:\/\/www.theamalficoastweddingplanner.com\/it\/wp-json\/wp\/v2\/pages\/400\/revisions"}],"predecessor-version":[{"id":4810,"href":"https:\/\/www.theamalficoastweddingplanner.com\/it\/wp-json\/wp\/v2\/pages\/400\/revisions\/4810"}],"wp:attachment":[{"href":"https:\/\/www.theamalficoastweddingplanner.com\/it\/wp-json\/wp\/v2\/media?parent=400"}],"curies":[{"name":"wp","href":"https:\/\/api.w.org\/{rel}","templated":true}]}}